{"id":6013,"date":"2023-08-11T23:40:19","date_gmt":"2023-08-11T21:40:19","guid":{"rendered":"https:\/\/lidex.jobs\/%d1%87%d0%b5%d1%85%d0%b8%d1%8f\/%d0%b4%d0%bb%d1%8f-%d0%bd%d0%b0%d1%88%d0%b8%d1%85-%d1%80%d0%b0%d0%b1%d0%be%d1%82%d0%bd%d0%b8%d0%ba%d0%be%d0%b2\/kniha-stiznosti\/"},"modified":"2024-12-04T16:05:11","modified_gmt":"2024-12-04T15:05:11","slug":"%d0%ba%d0%bd%d0%b8%d0%b6%d0%bd%d1%8b%d0%b5-%d1%81%d0%b0%d0%b9%d1%82%d1%8b","status":"publish","type":"page","link":"https:\/\/lidex.jobs\/ru\/%d1%87%d0%b5%d1%85%d0%b8%d1%8f\/%d0%b4%d0%bb%d1%8f-%d0%bd%d0%b0%d1%88%d0%b8%d1%85-%d1%80%d0%b0%d0%b1%d0%be%d1%82%d0%bd%d0%b8%d0%ba%d0%be%d0%b2\/%d0%ba%d0%bd%d0%b8%d0%b6%d0%bd%d1%8b%d0%b5-%d1%81%d0%b0%d0%b9%d1%82%d1%8b\/","title":{"rendered":"\u041a\u043d\u0438\u0433\u0430 \u0436\u0430\u043b\u043e\u0431"},"content":{"rendered":"<p><iframe loading=\"lazy\" src=\"https:\/\/docs.google.com\/forms\/d\/e\/1FAIpQLSePQbvAibzxK4eCx3JC9Go4R-m6XQMTYK4OVzVY3g8enm-wjA\/viewform?embedded=true\" width=\"100%\" height=\"1200\" frameborder=\"0\" marginwidth=\"0\" marginheight=\"0\">Na\u010d\u00edt\u00e1n\u00ed\u2026<\/iframe><\/p>\n","protected":false},"excerpt":{"rendered":"Na\u010d\u00edt\u00e1n\u00ed\u2026","protected":false},"author":2,"featured_media":0,"parent":5965,"menu_order":180,"comment_status":"closed","ping_status":"closed","template":"","meta":{"_acf_changed":false,"inline_featured_image":false,"footnotes":""},"class_list":["post-6013","page","type-page","status-publish","hentry"],"acf":[],"_links":{"self":[{"href":"https:\/\/lidex.jobs\/ru\/wp-json\/wp\/v2\/pages\/6013","targetHints":{"allow":["GET"]}}],"collection":[{"href":"https:\/\/lidex.jobs\/ru\/wp-json\/wp\/v2\/pages"}],"about":[{"href":"https:\/\/lidex.jobs\/ru\/wp-json\/wp\/v2\/types\/page"}],"author":[{"embeddable":true,"href":"https:\/\/lidex.jobs\/ru\/wp-json\/wp\/v2\/users\/2"}],"replies":[{"embeddable":true,"href":"https:\/\/lidex.jobs\/ru\/wp-json\/wp\/v2\/comments?post=6013"}],"version-history":[{"count":1,"href":"https:\/\/lidex.jobs\/ru\/wp-json\/wp\/v2\/pages\/6013\/revisions"}],"predecessor-version":[{"id":6014,"href":"https:\/\/lidex.jobs\/ru\/wp-json\/wp\/v2\/pages\/6013\/revisions\/6014"}],"up":[{"embeddable":true,"href":"https:\/\/lidex.jobs\/ru\/wp-json\/wp\/v2\/pages\/5965"}],"wp:attachment":[{"href":"https:\/\/lidex.jobs\/ru\/wp-json\/wp\/v2\/media?parent=6013"}],"curies":[{"name":"wp","href":"https:\/\/api.w.org\/{rel}","templated":true}]}}