{"id":6011,"date":"2023-08-11T23:58:44","date_gmt":"2023-08-11T21:58:44","guid":{"rendered":"https:\/\/lidex.jobs\/%d1%87%d0%b5%d1%85%d0%b8%d1%8f\/%d0%b4%d0%bb%d1%8f-%d0%bd%d0%b0%d1%88%d0%b8%d1%85-%d1%80%d0%b0%d0%b1%d0%be%d1%82%d0%bd%d0%b8%d0%ba%d0%be%d0%b2\/pracujte-na-sve-urovni\/dotaznik\/"},"modified":"2024-12-04T16:04:14","modified_gmt":"2024-12-04T15:04:14","slug":"%d0%b0%d0%bd%d0%ba%d0%b5%d1%82%d0%b0","status":"publish","type":"page","link":"https:\/\/lidex.jobs\/ru\/%d1%87%d0%b5%d1%85%d0%b8%d1%8f\/%d0%b4%d0%bb%d1%8f-%d0%bd%d0%b0%d1%88%d0%b8%d1%85-%d1%80%d0%b0%d0%b1%d0%be%d1%82%d0%bd%d0%b8%d0%ba%d0%be%d0%b2\/%d1%80%d0%b0%d0%b1%d0%be%d1%82%d0%b0-%d0%bd%d0%b0-%d0%b2%d0%b0%d1%88%d0%b5%d0%bc-%d1%83%d1%80%d0%be%d0%b2%d0%bd%d0%b5\/%d0%b0%d0%bd%d0%ba%d0%b5%d1%82%d0%b0\/","title":{"rendered":"\u0410\u043d\u043a\u0435\u0442\u0430"},"content":{"rendered":"<p>*zde by m\u011bl b\u00fdt nejsp\u00ed\u0161 n\u011bjak\u00fd dotazn\u00edk &#8212; nutno ov\u011b\u0159it a&nbsp;p\u0159\u00edpadn\u011b doplnit*<\/p>\n","protected":false},"excerpt":{"rendered":"*zde by m\u011bl b\u00fdt nejsp\u00ed\u0161 n\u011bjak\u00fd dotazn\u00edk &#8212; nutno ov\u011b\u0159it a&nbsp;p\u0159\u00edpadn\u011b doplnit*","protected":false},"author":2,"featured_media":0,"parent":6003,"menu_order":169,"comment_status":"closed","ping_status":"closed","template":"","meta":{"_acf_changed":false,"inline_featured_image":false,"footnotes":""},"class_list":["post-6011","page","type-page","status-publish","hentry"],"acf":[],"_links":{"self":[{"href":"https:\/\/lidex.jobs\/ru\/wp-json\/wp\/v2\/pages\/6011","targetHints":{"allow":["GET"]}}],"collection":[{"href":"https:\/\/lidex.jobs\/ru\/wp-json\/wp\/v2\/pages"}],"about":[{"href":"https:\/\/lidex.jobs\/ru\/wp-json\/wp\/v2\/types\/page"}],"author":[{"embeddable":true,"href":"https:\/\/lidex.jobs\/ru\/wp-json\/wp\/v2\/users\/2"}],"replies":[{"embeddable":true,"href":"https:\/\/lidex.jobs\/ru\/wp-json\/wp\/v2\/comments?post=6011"}],"version-history":[{"count":2,"href":"https:\/\/lidex.jobs\/ru\/wp-json\/wp\/v2\/pages\/6011\/revisions"}],"predecessor-version":[{"id":6028,"href":"https:\/\/lidex.jobs\/ru\/wp-json\/wp\/v2\/pages\/6011\/revisions\/6028"}],"up":[{"embeddable":true,"href":"https:\/\/lidex.jobs\/ru\/wp-json\/wp\/v2\/pages\/6003"}],"wp:attachment":[{"href":"https:\/\/lidex.jobs\/ru\/wp-json\/wp\/v2\/media?parent=6011"}],"curies":[{"name":"wp","href":"https:\/\/api.w.org\/{rel}","templated":true}]}}