{"id":6008,"date":"2023-09-06T20:11:27","date_gmt":"2023-09-06T18:11:27","guid":{"rendered":"https:\/\/lidex.jobs\/%d1%87%d0%b5%d1%85%d0%b8%d1%8f\/%d0%b4%d0%bb%d1%8f-%d0%bd%d0%b0%d1%88%d0%b8%d1%85-%d1%80%d0%b0%d0%b1%d0%be%d1%82%d0%bd%d0%b8%d0%ba%d0%be%d0%b2\/pracujte-na-sve-urovni\/pracujte-na-sve-urovni-bezplatna-registrace\/"},"modified":"2024-12-04T16:03:19","modified_gmt":"2024-12-04T15:03:19","slug":"%d1%80%d0%b0%d0%b1%d0%be%d1%82%d0%b0-%d0%bd%d0%b0-%d0%b2%d0%b0%d1%88%d0%b5%d0%bc-%d1%83%d1%80%d0%be%d0%b2%d0%bd%d0%b5-%d0%b1%d0%b5%d1%81%d0%bf%d0%bb%d0%b0%d1%82%d0%bd%d0%b0%d1%8f-%d1%80%d0%b5%d0%b3","status":"publish","type":"page","link":"https:\/\/lidex.jobs\/ru\/%d1%87%d0%b5%d1%85%d0%b8%d1%8f\/%d0%b4%d0%bb%d1%8f-%d0%bd%d0%b0%d1%88%d0%b8%d1%85-%d1%80%d0%b0%d0%b1%d0%be%d1%82%d0%bd%d0%b8%d0%ba%d0%be%d0%b2\/%d1%80%d0%b0%d0%b1%d0%be%d1%82%d0%b0-%d0%bd%d0%b0-%d0%b2%d0%b0%d1%88%d0%b5%d0%bc-%d1%83%d1%80%d0%be%d0%b2%d0%bd%d0%b5\/%d1%80%d0%b0%d0%b1%d0%be%d1%82%d0%b0-%d0%bd%d0%b0-%d0%b2%d0%b0%d1%88%d0%b5%d0%bc-%d1%83%d1%80%d0%be%d0%b2%d0%bd%d0%b5-%d0%b1%d0%b5%d1%81%d0%bf%d0%bb%d0%b0%d1%82%d0%bd%d0%b0%d1%8f-%d1%80%d0%b5%d0%b3\/","title":{"rendered":"\u0420\u0430\u0431\u043e\u0442\u0430\u0439\u0442\u0435 \u043d\u0430 \u0441\u0432\u043e\u0435\u043c \u0443\u0440\u043e\u0432\u043d\u0435"},"content":{"rendered":"<p><iframe loading=\"lazy\" src=\"https:\/\/docs.google.com\/forms\/d\/e\/1FAIpQLSe_qPZKKtKdm64BKd9oyCDtpoYVO2_L6TkWnFay_3fStLPMJA\/viewform?embedded=true\" width=\"100%\" height=\"2000\" frameborder=\"0\" marginwidth=\"0\" marginheight=\"0\">Na\u010d\u00edt\u00e1n\u00ed\u2026<\/iframe><\/p>\n","protected":false},"excerpt":{"rendered":"Na\u010d\u00edt\u00e1n\u00ed\u2026","protected":false},"author":2,"featured_media":0,"parent":6003,"menu_order":146,"comment_status":"closed","ping_status":"closed","template":"","meta":{"_acf_changed":false,"inline_featured_image":false,"footnotes":""},"class_list":["post-6008","page","type-page","status-publish","hentry"],"acf":[],"_links":{"self":[{"href":"https:\/\/lidex.jobs\/ru\/wp-json\/wp\/v2\/pages\/6008","targetHints":{"allow":["GET"]}}],"collection":[{"href":"https:\/\/lidex.jobs\/ru\/wp-json\/wp\/v2\/pages"}],"about":[{"href":"https:\/\/lidex.jobs\/ru\/wp-json\/wp\/v2\/types\/page"}],"author":[{"embeddable":true,"href":"https:\/\/lidex.jobs\/ru\/wp-json\/wp\/v2\/users\/2"}],"replies":[{"embeddable":true,"href":"https:\/\/lidex.jobs\/ru\/wp-json\/wp\/v2\/comments?post=6008"}],"version-history":[{"count":3,"href":"https:\/\/lidex.jobs\/ru\/wp-json\/wp\/v2\/pages\/6008\/revisions"}],"predecessor-version":[{"id":6030,"href":"https:\/\/lidex.jobs\/ru\/wp-json\/wp\/v2\/pages\/6008\/revisions\/6030"}],"up":[{"embeddable":true,"href":"https:\/\/lidex.jobs\/ru\/wp-json\/wp\/v2\/pages\/6003"}],"wp:attachment":[{"href":"https:\/\/lidex.jobs\/ru\/wp-json\/wp\/v2\/media?parent=6008"}],"curies":[{"name":"wp","href":"https:\/\/api.w.org\/{rel}","templated":true}]}}