{"id":7090,"date":"2025-05-16T10:03:12","date_gmt":"2025-05-16T08:03:12","guid":{"rendered":"https:\/\/lidex.jobs\/?page_id=7090"},"modified":"2026-03-02T14:32:29","modified_gmt":"2026-03-02T13:32:29","slug":"naborovy-prispevek","status":"publish","type":"page","link":"https:\/\/lidex.jobs\/cs\/cesko\/pro-nase-pracovniky\/naborovy-prispevek\/","title":{"rendered":"N\u00e1borov\u00fd p\u0159\u00edsp\u011bvek &#8211; Z\u00edskej a\u017e 5000&nbsp;K\u010d k&nbsp;v\u00fdplat\u011b nav\u00edc!"},"content":{"rendered":"<h4><strong>Posledn\u00ed voln\u00e1 m\u00edsta u&nbsp;na\u0161ich TOP z\u00e1kazn\u00edk\u016f \u2013 p\u0159idej se k&nbsp;n\u00e1m je\u0161t\u011b dnes!<\/strong><\/h4>\n<p>Hled\u00e1\u0161 stabiln\u00ed pr\u00e1ci s&nbsp;jistotou v\u00fdd\u011blku a&nbsp;bonusem nav\u00edc? V&nbsp;Lidexu v\u00edme, jak si v\u00e1\u017eit \u0161ikovn\u00fdch lid\u00ed \u2013 proto ka\u017ed\u00fd nov\u00fd zam\u011bstnanec od n\u00e1s m\u016f\u017ee z\u00edskat n\u00e1borov\u00fd p\u0159\u00edsp\u011bvek a\u017e 5000&nbsp;K\u010d!<\/p>\n<p>&nbsp;<\/p>\n<h2>Jak to funguje?<\/h2>\n<p>Sta\u010d\u00ed, kdy\u017e p\u0159es n\u00e1s nastoup\u00ed\u0161 do pr\u00e1ce a&nbsp;k&nbsp;v\u00fdplat\u011b obdr\u017e\u00ed\u0161:<\/p>\n<ul>\n<li>\u00a0<strong>2 500&nbsp;K\u010d<\/strong>\u00a0po 1. odpracovan\u00e9m m\u011bs\u00edci<\/li>\n<li><strong>2 500&nbsp;K\u010d<\/strong>\u00a0po 2. odpracovan\u00e9m m\u011bs\u00edci<\/li>\n<\/ul>\n<h2>Pro\u010d spolupracovat s&nbsp;n\u00e1mi?<\/h2>\n<ul>\n<li><strong>Spolupracujeme s&nbsp;p\u0159edn\u00edmi firmami v&nbsp;\u010cesku<\/strong><\/li>\n<li><strong>Stabiln\u00ed podm\u00ednky, f\u00e9rov\u00e9 jedn\u00e1n\u00ed a&nbsp;v\u00fdplaty v\u010das<\/strong><\/li>\n<li><strong>Pr\u00e1ce po cel\u00e9 \u010cR \u2013 najdeme ti tu pravou!<\/strong><\/li>\n<\/ul>\n<h2>Kontaktuj n\u00e1s!<\/h2>\n<p><img loading=\"lazy\" decoding=\"async\" class=\"an1\" draggable=\"false\" src=\"https:\/\/fonts.gstatic.com\/s\/e\/notoemoji\/16.0\/1f514\/32.png\" alt=\"\ud83d\udd14\" width=\"25\" height=\"25\" data-emoji=\"\ud83d\udd14\" aria-label=\"\ud83d\udd14\" \/>\u00a0Nezme\u0161kej svou \u0161anci\u00a0\u2013 po\u010det m\u00edst je omezen!<\/p>\n<p><strong>Zavolej n\u00e1m hned na \u010d\u00edslo <a href=\"tel:+420774840290\">+420 774 840 290<\/a><br \/>\nnebo zanech sv\u00e9 kontaktn\u00ed \u00fadaje (jm\u00e9no, p\u0159\u00edjmen\u00ed, telefon) a&nbsp;my se ti ozveme zp\u011bt.<\/strong><\/p>\n<form action=\"https:\/\/lidex.jobs\/cs\/wp-json\/ws-form\/v1\/submit\" class=\"wsf-form wsf-form-canvas\" id=\"ws-form-1\" data-id=\"6\" method=\"POST\" data-instance-id=\"1\" data-wsf-style-id=\"1\"><\/form>\n","protected":false},"excerpt":{"rendered":"Posledn\u00ed voln\u00e1 m\u00edsta u&nbsp;na\u0161ich TOP z\u00e1kazn\u00edk\u016f \u2013 p\u0159idej se k&nbsp;n\u00e1m je\u0161t\u011b dnes! Hled\u00e1\u0161 stabiln\u00ed pr\u00e1ci s&nbsp;jistotou v\u00fdd\u011blku a&nbsp;bonusem nav\u00edc? V&nbsp;Lidexu v\u00edme, jak si v\u00e1\u017eit \u0161ikovn\u00fdch lid\u00ed \u2013 proto ka\u017ed\u00fd nov\u00fd zam\u011bstnanec od n\u00e1s m\u016f\u017ee z\u00edskat n\u00e1borov\u00fd p\u0159\u00edsp\u011bvek a\u017e 5000&nbsp;K\u010d! &nbsp; Jak to funguje? Sta\u010d\u00ed, kdy\u017e p\u0159es n\u00e1s nastoup\u00ed\u0161 do pr\u00e1ce a&nbsp;k&nbsp;v\u00fdplat\u011b obdr\u017e\u00ed\u0161: \u00a02 500&nbsp;K\u010d\u00a0po 1&#8230;. <a class=\"view-article\" href=\"https:\/\/lidex.jobs\/cs\/cesko\/pro-nase-pracovniky\/naborovy-prispevek\/\">View Article<\/a>","protected":false},"author":2,"featured_media":0,"parent":3573,"menu_order":40,"comment_status":"closed","ping_status":"closed","template":"","meta":{"_acf_changed":false,"inline_featured_image":false,"footnotes":""},"class_list":["post-7090","page","type-page","status-publish","hentry"],"acf":[],"_links":{"self":[{"href":"https:\/\/lidex.jobs\/cs\/wp-json\/wp\/v2\/pages\/7090","targetHints":{"allow":["GET"]}}],"collection":[{"href":"https:\/\/lidex.jobs\/cs\/wp-json\/wp\/v2\/pages"}],"about":[{"href":"https:\/\/lidex.jobs\/cs\/wp-json\/wp\/v2\/types\/page"}],"author":[{"embeddable":true,"href":"https:\/\/lidex.jobs\/cs\/wp-json\/wp\/v2\/users\/2"}],"replies":[{"embeddable":true,"href":"https:\/\/lidex.jobs\/cs\/wp-json\/wp\/v2\/comments?post=7090"}],"version-history":[{"count":17,"href":"https:\/\/lidex.jobs\/cs\/wp-json\/wp\/v2\/pages\/7090\/revisions"}],"predecessor-version":[{"id":7516,"href":"https:\/\/lidex.jobs\/cs\/wp-json\/wp\/v2\/pages\/7090\/revisions\/7516"}],"up":[{"embeddable":true,"href":"https:\/\/lidex.jobs\/cs\/wp-json\/wp\/v2\/pages\/3573"}],"wp:attachment":[{"href":"https:\/\/lidex.jobs\/cs\/wp-json\/wp\/v2\/media?parent=7090"}],"curies":[{"name":"wp","href":"https:\/\/api.w.org\/{rel}","templated":true}]}}