{"id":7028,"date":"2025-03-21T02:19:08","date_gmt":"2025-03-21T01:19:08","guid":{"rendered":"https:\/\/lidex.jobs\/?page_id=7028"},"modified":"2025-05-29T13:45:20","modified_gmt":"2025-05-29T11:45:20","slug":"odmena-za-doporuceni","status":"publish","type":"page","link":"https:\/\/lidex.jobs\/cs\/cesko\/pro-nase-pracovniky\/odmena-za-doporuceni\/","title":{"rendered":"Doporu\u010d spolehliv\u00e9ho zam\u011bstnance a&nbsp;z\u00edskej 7 000&nbsp;K\u010d!"},"content":{"rendered":"<p style=\"text-align: center;\"><strong>Zn\u00e1\u0161 n\u011bkoho, kdo hled\u00e1 pr\u00e1ci? Doporu\u010d n\u00e1m ho a&nbsp;z\u00edskej odm\u011bnu 7 000&nbsp;K\u010d! <\/strong><br \/>\n<strong>Pokud doporu\u010d\u00ed\u0161 v\u00edce dobr\u00fdch pracovn\u00edk\u016f m\u016f\u017ee\u0161 z\u00edskat podstatn\u011b v\u00edce.<\/strong><\/p>\n<p><iframe loading=\"lazy\" title=\"YouTube video player\" src=\"https:\/\/www.youtube.com\/embed\/rGeUp5k7Uks?si=piNxG-VjUQXGBVao\" width=\"100%\" height=\"450\" frameborder=\"0\" allowfullscreen=\"allowfullscreen\"><span data-mce-type=\"bookmark\" style=\"display: inline-block; width: 0px; overflow: hidden; line-height: 0;\" class=\"mce_SELRES_start\">\ufeff<\/span><\/iframe><\/p>\n<h2>Jak to funguje?<\/h2>\n<p>Pokud n\u00e1m doporu\u010d\u00ed\u0161 nov\u00e9ho pracovn\u00edka a&nbsp;ten u&nbsp;n\u00e1s z\u016fstane minim\u00e1ln\u011b t\u0159i m\u011bs\u00edce, m\u016f\u017ee\u0161 z\u00edskat celkem<strong>\u00a07 000&nbsp;K\u010d<\/strong>.<\/p>\n<p>Za ka\u017ed\u00fd odpracovan\u00fd m\u011bs\u00edc od n\u00e1s z\u00edsk\u00e1\u0161:<\/p>\n<ul>\n<li><strong>\u00a0 \u00a0 2 000&nbsp;K\u010d<\/strong>\u00a0po prvn\u00edm odpracovan\u00e9m m\u011bs\u00edci<\/li>\n<li><strong>+ 2 000&nbsp;K\u010d<\/strong>\u00a0po druh\u00e9m odpracovan\u00e9m m\u011bs\u00edci<\/li>\n<li><strong>+ 3 000&nbsp;K\u010d<\/strong>\u00a0po t\u0159et\u00edm odpracovan\u00e9m m\u011bs\u00edci<\/li>\n<\/ul>\n<p>Celkem tedy m\u016f\u017ee\u0161 z\u00edskat\u00a0<strong>7 000&nbsp;K\u010d za&nbsp;ka\u017ed\u00e9 \u00fasp\u011b\u0161n\u00e9 doporu\u010den\u00ed<\/strong>!<\/p>\n<hr \/>\n<h2>Kolik lid\u00ed mohu doporu\u010dit?<\/h2>\n<p><strong>Kolik chcete!<\/strong>\u00a0Po\u010dtu doporu\u010den\u00fdch kamar\u00e1d\u016f se meze nekladou \u2013 bereme v\u0161echny, kte\u0159\u00ed cht\u011bj\u00ed pracovat.<br \/>\n<img decoding=\"async\" class=\"an1\" draggable=\"false\" src=\"https:\/\/fonts.gstatic.com\/s\/e\/notoemoji\/16.0\/1f3af\/32.png\" alt=\"\ud83c\udfaf\" data-emoji=\"\ud83c\udfaf\" aria-label=\"\ud83c\udfaf\" \/>\u00a0Za ka\u017ed\u00e9ho z\u00edsk\u00e1v\u00e1\u0161 svou odm\u011bnu. Doporu\u010d v\u00edc lid\u00ed a&nbsp;jednodu\u0161e si vyd\u011blejte\u00a0<strong>dvojn\u00e1sobn\u00fd i&nbsp;v\u00edcen\u00e1sobn\u00fd plat \u2013 bez n\u00e1mahy!<\/strong><\/p>\n<hr \/>\n<h2>Sta\u010d\u00ed n\u00e1s kontaktovat a&nbsp;zbytek za\u0159\u00edd\u00edme!<\/h2>\n<p>Sta\u010d\u00ed n\u00e1m\u00a0<strong>zavolat na \u010d\u00edslo <a href=\"tel:+420774840290\">+420 774 840 290<\/a><\/strong><br \/>\nnebo n\u00e1m\u00a0<strong>zanechte kontakt na sebe a&nbsp;na doporu\u010den\u00e9ho pracovn\u00edka a&nbsp;my se Ti ozveme.<\/strong><\/p>\n<p style=\"text-align: center;\"><form action=\"https:\/\/lidex.jobs\/cs\/wp-json\/ws-form\/v1\/submit\" class=\"wsf-form wsf-form-canvas\" id=\"ws-form-1\" data-id=\"5\" method=\"POST\" data-instance-id=\"1\" data-wsf-style-id=\"1\"><\/form><\/p>\n","protected":false},"excerpt":{"rendered":"Zn\u00e1\u0161 n\u011bkoho, kdo hled\u00e1 pr\u00e1ci? Doporu\u010d n\u00e1m ho a&nbsp;z\u00edskej odm\u011bnu 7 000&nbsp;K\u010d! Pokud doporu\u010d\u00ed\u0161 v\u00edce dobr\u00fdch pracovn\u00edk\u016f m\u016f\u017ee\u0161 z\u00edskat podstatn\u011b v\u00edce. \ufeff Jak to funguje? Pokud n\u00e1m doporu\u010d\u00ed\u0161 nov\u00e9ho pracovn\u00edka a&nbsp;ten u&nbsp;n\u00e1s z\u016fstane minim\u00e1ln\u011b t\u0159i m\u011bs\u00edce, m\u016f\u017ee\u0161 z\u00edskat celkem\u00a07 000&nbsp;K\u010d. Za&nbsp;ka\u017ed\u00fd odpracovan\u00fd m\u011bs\u00edc od n\u00e1s z\u00edsk\u00e1\u0161: \u00a0 \u00a0 2 000&nbsp;K\u010d\u00a0po prvn\u00edm odpracovan\u00e9m m\u011bs\u00edci +&#8230; <a class=\"view-article\" href=\"https:\/\/lidex.jobs\/cs\/cesko\/pro-nase-pracovniky\/odmena-za-doporuceni\/\">View Article<\/a>","protected":false},"author":2,"featured_media":0,"parent":3573,"menu_order":51,"comment_status":"closed","ping_status":"closed","template":"","meta":{"_acf_changed":false,"inline_featured_image":false,"footnotes":""},"class_list":["post-7028","page","type-page","status-publish","hentry"],"acf":[],"_links":{"self":[{"href":"https:\/\/lidex.jobs\/cs\/wp-json\/wp\/v2\/pages\/7028","targetHints":{"allow":["GET"]}}],"collection":[{"href":"https:\/\/lidex.jobs\/cs\/wp-json\/wp\/v2\/pages"}],"about":[{"href":"https:\/\/lidex.jobs\/cs\/wp-json\/wp\/v2\/types\/page"}],"author":[{"embeddable":true,"href":"https:\/\/lidex.jobs\/cs\/wp-json\/wp\/v2\/users\/2"}],"replies":[{"embeddable":true,"href":"https:\/\/lidex.jobs\/cs\/wp-json\/wp\/v2\/comments?post=7028"}],"version-history":[{"count":16,"href":"https:\/\/lidex.jobs\/cs\/wp-json\/wp\/v2\/pages\/7028\/revisions"}],"predecessor-version":[{"id":7150,"href":"https:\/\/lidex.jobs\/cs\/wp-json\/wp\/v2\/pages\/7028\/revisions\/7150"}],"up":[{"embeddable":true,"href":"https:\/\/lidex.jobs\/cs\/wp-json\/wp\/v2\/pages\/3573"}],"wp:attachment":[{"href":"https:\/\/lidex.jobs\/cs\/wp-json\/wp\/v2\/media?parent=7028"}],"curies":[{"name":"wp","href":"https:\/\/api.w.org\/{rel}","templated":true}]}}