{"id":6914,"date":"2025-01-21T16:40:53","date_gmt":"2025-01-21T15:40:53","guid":{"rendered":"https:\/\/lidex.jobs\/cesko\/%d0%ba%d1%83%d1%80%d1%81-%d0%b4%d0%bb%d1%8f-%d0%b2%d0%be%d0%b4%d1%96%d1%97%d0%b2-%d0%b2%d0%b8%d1%81%d0%be%d0%ba%d0%be%d0%bf%d1%96%d0%b4%d0%b9%d0%be%d0%bc%d0%bd%d0%be%d0%b3%d0%be-%d0%b2%d1%96%d0%b7\/"},"modified":"2025-09-25T19:16:14","modified_gmt":"2025-09-25T17:16:14","slug":"kurz-pro-ridice-vysokozdvizneho-voziku-vzv","status":"publish","type":"page","link":"https:\/\/lidex.jobs\/cs\/cesko\/kurz-pro-ridice-vysokozdvizneho-voziku-vzv\/","title":{"rendered":"Kurz pro \u0159idi\u010de vysokozdvi\u017en\u00e9ho voz\u00edku (VZV)"},"content":{"rendered":"","protected":false},"excerpt":{"rendered":"","protected":false},"author":2,"featured_media":0,"parent":3571,"menu_order":72,"comment_status":"closed","ping_status":"closed","template":"page-flexi-sablona.php","meta":{"_acf_changed":false,"inline_featured_image":false,"footnotes":""},"class_list":["post-6914","page","type-page","status-publish","hentry"],"acf":[],"_links":{"self":[{"href":"https:\/\/lidex.jobs\/cs\/wp-json\/wp\/v2\/pages\/6914","targetHints":{"allow":["GET"]}}],"collection":[{"href":"https:\/\/lidex.jobs\/cs\/wp-json\/wp\/v2\/pages"}],"about":[{"href":"https:\/\/lidex.jobs\/cs\/wp-json\/wp\/v2\/types\/page"}],"author":[{"embeddable":true,"href":"https:\/\/lidex.jobs\/cs\/wp-json\/wp\/v2\/users\/2"}],"replies":[{"embeddable":true,"href":"https:\/\/lidex.jobs\/cs\/wp-json\/wp\/v2\/comments?post=6914"}],"version-history":[{"count":7,"href":"https:\/\/lidex.jobs\/cs\/wp-json\/wp\/v2\/pages\/6914\/revisions"}],"predecessor-version":[{"id":7435,"href":"https:\/\/lidex.jobs\/cs\/wp-json\/wp\/v2\/pages\/6914\/revisions\/7435"}],"up":[{"embeddable":true,"href":"https:\/\/lidex.jobs\/cs\/wp-json\/wp\/v2\/pages\/3571"}],"wp:attachment":[{"href":"https:\/\/lidex.jobs\/cs\/wp-json\/wp\/v2\/media?parent=6914"}],"curies":[{"name":"wp","href":"https:\/\/api.w.org\/{rel}","templated":true}]}}