{"id":4977,"date":"2023-09-16T17:09:51","date_gmt":"2023-09-16T15:09:51","guid":{"rendered":"https:\/\/lidex.jobs\/?page_id=4977"},"modified":"2025-03-12T13:15:28","modified_gmt":"2025-03-12T12:15:28","slug":"mistr-montaze-kuchyni-a-pomocnik-mistra","status":"publish","type":"page","link":"https:\/\/lidex.jobs\/cs\/cesko\/volna-mista\/mistr-montaze-kuchyni-a-pomocnik-mistra\/","title":{"rendered":"Mistr mont\u00e1\u017ee kuchyn\u00ed a&nbsp;Pomocn\u00edk mistra"},"content":{"rendered":"<div>\n<p><strong>Pozice 1: Mont\u00e9r kuchyn\u00ed<\/strong><\/p>\n<\/div>\n<div>\n<p>N\u00e1pl\u0148 pr\u00e1ce:<\/p>\n<\/div>\n<ul>\n<li>Mont\u00e1\u017e kuchyn\u00ed na zak\u00e1zku z\u00e1kazn\u00edk\u016f.<\/li>\n<li>Pr\u00e1ce s\u00a0technick\u00fdmi v\u00fdkresy a\u00a0jejich p\u0159esn\u00e9 proveden\u00ed.<\/li>\n<li>Pou\u017e\u00edv\u00e1n\u00ed profesion\u00e1ln\u00edho n\u00e1\u0159ad\u00ed (p\u0159\u00edmo\u010dar\u00e1 pila, ponorn\u00e1 pila atd.).<\/li>\n<li>Zaji\u0161t\u011bn\u00ed kvalitn\u00edho a\u00a0v\u010dasn\u00e9ho proveden\u00ed zak\u00e1zek.<\/li>\n<\/ul>\n<div>\n<p>Po\u017eadavky:<\/p>\n<\/div>\n<ul>\n<li>Praxe v\u00a0mont\u00e1\u017ei kuchyn\u00ed minim\u00e1ln\u011b 2 roky (podm\u00ednka).<\/li>\n<li>Schopnost pr\u00e1ce s\u00a0v\u00fdkresy (podm\u00ednka).<\/li>\n<li>Pokro\u010dil\u00e1 \u00farove\u0148 \u010de\u0161tiny (komunikace se z\u00e1kazn\u00edky prob\u00edh\u00e1 v\u00a0\u010de\u0161tin\u011b).<\/li>\n<li>Zku\u0161enosti s\u00a0fr\u00e9zovan\u00fdmi spoji (nen\u00ed podm\u00ednkou, ale v\u00fdhodou).<\/li>\n<\/ul>\n<div>\n<p>Co nab\u00edz\u00edme:<\/p>\n<\/div>\n<ul>\n<li>Ofici\u00e1ln\u00ed zam\u011bstn\u00e1n\u00ed a\u00a0stabiln\u00ed plat.<\/li>\n<li>Slu\u017eebn\u00ed v\u016fz, n\u00e1stroje, telefon, palivovou kartu.<\/li>\n<li>Pr\u00e1ci v\u00a0p\u0159\u00e1telsk\u00e9m kolektivu a\u00a0podporu profesion\u00e1ln\u00edho t\u00fdmu.<\/li>\n<li>\u00da\u010dast na zaj\u00edmav\u00fdch projektech v\u00a0Praze a\u00a0okol\u00ed.<\/li>\n<\/ul>\n<div>\n<p>Mzda: 45 000\u201370 000\u00a0K\u010d.<br \/>\nPracovn\u00ed doba: Po\u2013P\u00e1, 8:00\u201316:00.<br \/>\nForma spolupr\u00e1ce: Hlavn\u00ed pracovn\u00ed pom\u011br (HPP) nebo pr\u00e1ce na I\u010cO.<\/p>\n<\/div>\n<div>\n<p><strong>Pozice 2: Pomocn\u00edk mont\u00e9ra<\/strong><\/p>\n<\/div>\n<div>\n<p>N\u00e1pl\u0148 pr\u00e1ce:<\/p>\n<\/div>\n<ul>\n<li>Pomoc mont\u00e9rovi p\u0159i mont\u00e1\u017ei a\u00a0instalaci n\u00e1bytku.<\/li>\n<li>P\u0159\u00edprava n\u00e1stroj\u016f, materi\u00e1l\u016f a\u00a0pracovn\u00edho m\u00edsta.<\/li>\n<li>Prov\u00e1d\u011bn\u00ed z\u00e1kladn\u00edch mont\u00e1\u017en\u00edch prac\u00ed.<\/li>\n<\/ul>\n<div>\n<p>Po\u017eadavky:<\/p>\n<\/div>\n<ul>\n<li>Praxe v\u00a0oboru mont\u00e1\u017ee.<\/li>\n<li>Schopnost \u010d\u00edst v\u00fdkresy (nen\u00ed podm\u00ednkou, ale v\u00fdhodou).<\/li>\n<li>Zku\u0161enosti s\u00a0n\u00e1stroji: ponorn\u00e1 pila, p\u0159\u00edmo\u010dar\u00e1 pila.<\/li>\n<li>Logick\u00e9 my\u0161len\u00ed a\u00a0schopnost rychl\u00e9 orientace v\u00a0procesu.<\/li>\n<\/ul>\n<div>\n<p>Co nab\u00edz\u00edme:<\/p>\n<\/div>\n<ul>\n<li>Ofici\u00e1ln\u00ed zam\u011bstn\u00e1n\u00ed a\u00a0stabiln\u00ed plat.<\/li>\n<li>Pr\u00e1ci v\u00a0p\u0159\u00e1telsk\u00e9m kolektivu a\u00a0podporu profesion\u00e1ln\u00edho t\u00fdmu.<\/li>\n<li>Mo\u017enost kari\u00e9rn\u00edho r\u016fstu na pozici mont\u00e9ra.<\/li>\n<\/ul>\n<div>\n<p>Mzda: 30 000\u201350 000\u00a0K\u010d.<br \/>\nPracovn\u00ed doba: Po\u2013P\u00e1, 8:00\u201316:00.<br \/>\nForma spolupr\u00e1ce: Hlavn\u00ed pracovn\u00ed pom\u011br (HPP).<\/p>\n<\/div>\n<div>\n<p><strong>Kontakty:<\/strong><\/p>\n<\/div>\n<div>\n<p>Mykhaylo Konopelko<br \/>\nEmail: <a href=\"mailto:konopelko@lidex.cz\">konopelko@lidex.cz<\/a><br \/>\nTelefon: <a href=\"tel:+420771145505\">+420 771 145 505<\/a><\/p>\n<\/div>\n<div>\n<p>M\u00edsto pr\u00e1ce: Praha a\u00a0okol\u00ed.<\/p>\n<\/div>\n","protected":false},"excerpt":{"rendered":"Pozice 1: Mont\u00e9r kuchyn\u00ed N\u00e1pl\u0148 pr\u00e1ce: Mont\u00e1\u017e kuchyn\u00ed na zak\u00e1zku z\u00e1kazn\u00edk\u016f. Pr\u00e1ce s\u00a0technick\u00fdmi v\u00fdkresy a\u00a0jejich p\u0159esn\u00e9 proveden\u00ed. Pou\u017e\u00edv\u00e1n\u00ed profesion\u00e1ln\u00edho n\u00e1\u0159ad\u00ed (p\u0159\u00edmo\u010dar\u00e1 pila, ponorn\u00e1 pila atd.). Zaji\u0161t\u011bn\u00ed kvalitn\u00edho a\u00a0v\u010dasn\u00e9ho proveden\u00ed zak\u00e1zek. Po\u017eadavky: Praxe v\u00a0mont\u00e1\u017ei kuchyn\u00ed minim\u00e1ln\u011b 2 roky (podm\u00ednka). Schopnost pr\u00e1ce s\u00a0v\u00fdkresy (podm\u00ednka). Pokro\u010dil\u00e1 \u00farove\u0148 \u010de\u0161tiny (komunikace se z\u00e1kazn\u00edky prob\u00edh\u00e1 v\u00a0\u010de\u0161tin\u011b). Zku\u0161enosti s\u00a0fr\u00e9zovan\u00fdmi spoji (nen\u00ed podm\u00ednkou,&#8230; <a class=\"view-article\" href=\"https:\/\/lidex.jobs\/cs\/cesko\/volna-mista\/mistr-montaze-kuchyni-a-pomocnik-mistra\/\">View Article<\/a>","protected":false},"author":2,"featured_media":0,"parent":3579,"menu_order":396,"comment_status":"closed","ping_status":"closed","template":"page-volna-mista-detail.php","meta":{"_acf_changed":false,"inline_featured_image":false,"footnotes":""},"class_list":["post-4977","page","type-page","status-publish","hentry"],"acf":[],"_links":{"self":[{"href":"https:\/\/lidex.jobs\/cs\/wp-json\/wp\/v2\/pages\/4977","targetHints":{"allow":["GET"]}}],"collection":[{"href":"https:\/\/lidex.jobs\/cs\/wp-json\/wp\/v2\/pages"}],"about":[{"href":"https:\/\/lidex.jobs\/cs\/wp-json\/wp\/v2\/types\/page"}],"author":[{"embeddable":true,"href":"https:\/\/lidex.jobs\/cs\/wp-json\/wp\/v2\/users\/2"}],"replies":[{"embeddable":true,"href":"https:\/\/lidex.jobs\/cs\/wp-json\/wp\/v2\/comments?post=4977"}],"version-history":[{"count":7,"href":"https:\/\/lidex.jobs\/cs\/wp-json\/wp\/v2\/pages\/4977\/revisions"}],"predecessor-version":[{"id":7007,"href":"https:\/\/lidex.jobs\/cs\/wp-json\/wp\/v2\/pages\/4977\/revisions\/7007"}],"up":[{"embeddable":true,"href":"https:\/\/lidex.jobs\/cs\/wp-json\/wp\/v2\/pages\/3579"}],"wp:attachment":[{"href":"https:\/\/lidex.jobs\/cs\/wp-json\/wp\/v2\/media?parent=4977"}],"curies":[{"name":"wp","href":"https:\/\/api.w.org\/{rel}","templated":true}]}}