{"id":4162,"date":"2023-09-06T23:46:06","date_gmt":"2023-09-06T21:46:06","guid":{"rendered":"https:\/\/lidex.jobs\/?page_id=4162"},"modified":"2023-09-06T23:46:19","modified_gmt":"2023-09-06T21:46:19","slug":"kniha-stiznosti","status":"publish","type":"page","link":"https:\/\/lidex.jobs\/cs\/slovensko\/pro-nase-pracovniky\/kniha-stiznosti\/","title":{"rendered":"Kniha st\u00ed\u017enost\u00ed"},"content":{"rendered":"<p><iframe loading=\"lazy\" src=\"https:\/\/docs.google.com\/forms\/d\/e\/1FAIpQLSePQbvAibzxK4eCx3JC9Go4R-m6XQMTYK4OVzVY3g8enm-wjA\/viewform?embedded=true\" width=\"100%\" height=\"900\" frameborder=\"0\" marginheight=\"0\" marginwidth=\"0\">Na\u010d\u00edt\u00e1n\u00ed\u2026<\/iframe><\/p>\n","protected":false},"excerpt":{"rendered":"Na\u010d\u00edt\u00e1n\u00ed\u2026","protected":false},"author":2,"featured_media":0,"parent":4152,"menu_order":176,"comment_status":"closed","ping_status":"closed","template":"","meta":{"_acf_changed":false,"inline_featured_image":false,"footnotes":""},"class_list":["post-4162","page","type-page","status-publish","hentry"],"acf":[],"_links":{"self":[{"href":"https:\/\/lidex.jobs\/cs\/wp-json\/wp\/v2\/pages\/4162","targetHints":{"allow":["GET"]}}],"collection":[{"href":"https:\/\/lidex.jobs\/cs\/wp-json\/wp\/v2\/pages"}],"about":[{"href":"https:\/\/lidex.jobs\/cs\/wp-json\/wp\/v2\/types\/page"}],"author":[{"embeddable":true,"href":"https:\/\/lidex.jobs\/cs\/wp-json\/wp\/v2\/users\/2"}],"replies":[{"embeddable":true,"href":"https:\/\/lidex.jobs\/cs\/wp-json\/wp\/v2\/comments?post=4162"}],"version-history":[{"count":0,"href":"https:\/\/lidex.jobs\/cs\/wp-json\/wp\/v2\/pages\/4162\/revisions"}],"up":[{"embeddable":true,"href":"https:\/\/lidex.jobs\/cs\/wp-json\/wp\/v2\/pages\/4152"}],"wp:attachment":[{"href":"https:\/\/lidex.jobs\/cs\/wp-json\/wp\/v2\/media?parent=4162"}],"curies":[{"name":"wp","href":"https:\/\/api.w.org\/{rel}","templated":true}]}}