{"id":4158,"date":"2023-09-06T23:45:25","date_gmt":"2023-09-06T21:45:25","guid":{"rendered":"https:\/\/lidex.jobs\/?page_id=4158"},"modified":"2023-09-06T23:45:36","modified_gmt":"2023-09-06T21:45:36","slug":"pracujte-na-sve-urovni","status":"publish","type":"page","link":"https:\/\/lidex.jobs\/cs\/slovensko\/pro-nase-pracovniky\/pracujte-na-sve-urovni\/pracujte-na-sve-urovni\/","title":{"rendered":"Pracujte na sv\u00e9 \u00farovni"},"content":{"rendered":"<p><iframe loading=\"lazy\" src=\"https:\/\/docs.google.com\/forms\/d\/e\/1FAIpQLSe_qPZKKtKdm64BKd9oyCDtpoYVO2_L6TkWnFay_3fStLPMJA\/viewform?embedded=true\" width=\"100%\" height=\"2800\" frameborder=\"0\" marginwidth=\"0\" marginheight=\"0\"><span data-mce-type=\"bookmark\" style=\"display: inline-block; width: 0px; overflow: hidden; line-height: 0;\" class=\"mce_SELRES_start\">\ufeff<\/span>Na\u010d\u00edt\u00e1n\u00ed\u2026<\/iframe><\/p>\n","protected":false},"excerpt":{"rendered":"\ufeffNa\u010d\u00edt\u00e1n\u00ed\u2026","protected":false},"author":2,"featured_media":0,"parent":4156,"menu_order":151,"comment_status":"closed","ping_status":"closed","template":"","meta":{"_acf_changed":false,"inline_featured_image":false,"footnotes":""},"class_list":["post-4158","page","type-page","status-publish","hentry"],"acf":[],"_links":{"self":[{"href":"https:\/\/lidex.jobs\/cs\/wp-json\/wp\/v2\/pages\/4158","targetHints":{"allow":["GET"]}}],"collection":[{"href":"https:\/\/lidex.jobs\/cs\/wp-json\/wp\/v2\/pages"}],"about":[{"href":"https:\/\/lidex.jobs\/cs\/wp-json\/wp\/v2\/types\/page"}],"author":[{"embeddable":true,"href":"https:\/\/lidex.jobs\/cs\/wp-json\/wp\/v2\/users\/2"}],"replies":[{"embeddable":true,"href":"https:\/\/lidex.jobs\/cs\/wp-json\/wp\/v2\/comments?post=4158"}],"version-history":[{"count":0,"href":"https:\/\/lidex.jobs\/cs\/wp-json\/wp\/v2\/pages\/4158\/revisions"}],"up":[{"embeddable":true,"href":"https:\/\/lidex.jobs\/cs\/wp-json\/wp\/v2\/pages\/4156"}],"wp:attachment":[{"href":"https:\/\/lidex.jobs\/cs\/wp-json\/wp\/v2\/media?parent=4158"}],"curies":[{"name":"wp","href":"https:\/\/api.w.org\/{rel}","templated":true}]}}