{"id":4154,"date":"2023-09-06T23:44:54","date_gmt":"2023-09-06T21:44:54","guid":{"rendered":"https:\/\/lidex.jobs\/?page_id=4154"},"modified":"2023-11-19T14:01:32","modified_gmt":"2023-11-19T13:01:32","slug":"odborne-pozice","status":"publish","type":"page","link":"https:\/\/lidex.jobs\/cs\/slovensko\/pro-nase-pracovniky\/odborne-pozice\/","title":{"rendered":"Odborn\u00e9 pozice"},"content":{"rendered":"<h2><strong>Hled\u00e1me SPECIALISTY z&nbsp;r\u016fzn\u00fdch obor\u016f!<\/strong><\/h2>\n<p>D\u00edky na\u0161\u00ed spolupr\u00e1ci s&nbsp;\u0159adou firem m\u016f\u017eeme pomoci kvalitn\u00edm a&nbsp;seri\u00f3zn\u00edm odborn\u00edk\u016fm naj\u00edt novou pr\u00e1ci a&nbsp;uplatnit se v&nbsp;jejich specializaci!<\/p>\n<h3>D\u016fvod\u016f, pro\u010d s&nbsp;n\u00e1mi spolupracovat, je hned n\u011bkolik:<\/h3>\n<ul>\n<li>Jsme \u010desk\u00e1 licencovan\u00e1 person\u00e1ln\u00ed spole\u010dnost bez ukrajinsk\u00fdch zprost\u0159edkovatel\u016f.<\/li>\n<li>Mzda bude odpov\u00eddat va\u0161\u00ed kvalifikaci a&nbsp;znalostem.<\/li>\n<li>Zam\u011b\u0159ujeme se na zaj\u00edmavou finan\u010dn\u00ed motivaci zam\u011bstnanc\u016f.<\/li>\n<li>Hodnot\u00edme kandid\u00e1ty na z\u00e1klad\u011b jejich zku\u0161enost\u00ed, kvalifikace, znalost\u00ed a&nbsp;ambic\u00ed.<\/li>\n<li>Cen\u00edme si kvality a&nbsp;odpov\u011bdnosti.<\/li>\n<li>Zaru\u010dujeme d\u016fstojn\u00e9 platov\u00e9 podm\u00ednky a&nbsp;pr\u00e1vn\u00ed podporu ve v\u0161ech f\u00e1z\u00edch &#8211; od hled\u00e1n\u00ed zam\u011bstn\u00e1n\u00ed a\u017e po uzav\u0159en\u00ed pracovn\u00ed smlouvy.<\/li>\n<li>Poskytujeme slu\u0161nou pr\u00e1ci v&nbsp;dobr\u00e9m kolektivu.<\/li>\n<\/ul>\n<h3>Nab\u00edz\u00edme:<\/h3>\n<ul>\n<li>Leg\u00e1ln\u00ed zam\u011bstn\u00e1n\u00ed (soci\u00e1ln\u00ed a&nbsp;zdravotn\u00ed poji\u0161t\u011bn\u00ed)<\/li>\n<li>\u0160irokou nab\u00eddku voln\u00fdch pracovn\u00edch m\u00edst<\/li>\n<li>Bezplatn\u00e9 ubytov\u00e1n\u00ed<\/li>\n<li>T\u00fddenn\u00ed v\u00fdplatu z\u00e1loh, v\u010dasn\u00e9 vypl\u00e1cen\u00ed mzdy<\/li>\n<li>Dlouhodobou, stabiln\u00ed a&nbsp;d\u016fstojnou pr\u00e1ci<\/li>\n<li>Motiva\u010dn\u00ed bonusy<\/li>\n<li>Speci\u00e1ln\u00ed pracovn\u00ed pl\u00e1n pro rodiny nebo \u017eeny s&nbsp;d\u011btmi<\/li>\n<li>V p\u0159\u00edpad\u011b pot\u0159eby pracovn\u00ed od\u011bv<\/li>\n<li>Dopravu do m\u00edsta v\u00fdkonu pr\u00e1ce<\/li>\n<li>Podporu ukrajinsky mluv\u00edc\u00edho koordin\u00e1tora<\/li>\n<li>P\u0159\u00edpravu v\u0161ech pot\u0159ebn\u00fdch administrativn\u00edch dokument\u016f<\/li>\n<li>Zaji\u0161t\u011bn\u00ed pot\u0159ebn\u00e9 administrativn\u00ed podpory a&nbsp;bezplatn\u011b po\u017e\u00e1d\u00e1me o&nbsp;v\u00edzum.<\/li>\n<\/ul>\n<blockquote><p>Najd\u011bte s&nbsp;n\u00e1mi to nejlep\u0161\u00ed \u0159e\u0161en\u00ed!<\/p><\/blockquote>\n<h3>Zajist\u00edme v\u00e1m pot\u0159ebn\u00e1 potvrzen\u00ed o&nbsp;voln\u00fdch pracovn\u00edch m\u00edstech:<\/h3>\n<ul>\n<li>Sv\u00e1\u0159e\u010d<\/li>\n<li>Z\u00e1me\u010dn\u00edk<\/li>\n<li>Strojn\u00ed in\u017een\u00fdr<\/li>\n<li>Kov\u00e1\u0159<\/li>\n<li>Tesa\u0159<\/li>\n<li>Lak\u00fdrn\u00edk<\/li>\n<li>Elektrik\u00e1\u0159<\/li>\n<li>\u0158idi\u010d<\/li>\n<li>Zam\u011bstnanci IT &#8211; podle typu a&nbsp;formy spolupr\u00e1ce<\/li>\n<li>Automechanik<\/li>\n<\/ul>\n<p>Specialist\u00e9 jsou pot\u0159ebn\u00ed tak\u00e9 pro v\u00fdrobu (stroj\u00edrensk\u00fd, hutn\u00ed, elektrotechnick\u00fd, automobilov\u00fd, p\u0159\u00edstrojov\u00fd, chemick\u00fd, textiln\u00ed, d\u0159eva\u0159sk\u00fd, n\u00e1bytk\u00e1\u0159sk\u00fd, polygrafick\u00fd, potravin\u00e1\u0159sk\u00fd pr\u016fmysl atd.)<\/p>\n<ul>\n<li><span style=\"color: #189ad4;\"><strong>SM\u011aNY A&nbsp;PRACOVN\u00cd DOBA DLE DOHODY!<\/strong><\/span><\/li>\n<li><span style=\"color: #189ad4;\"><strong>MZDA DLE SPECIALIZACE, KVALIFIKACE A&nbsp;PRAXE (150-400 K\u010c\/H)!<\/strong><\/span><\/li>\n<li><span style=\"color: #189ad4;\"><strong>PTEJTE SE N\u00c1S!<\/strong><\/span><\/li>\n<\/ul>\n<h4>Spolupr\u00e1ce s&nbsp;na\u0161\u00ed spole\u010dnost\u00ed je vstupenkou do lep\u0161\u00edho \u017eivota a&nbsp;z\u00e1rukou va\u0161\u00ed jistoty!<\/h4>\n","protected":false},"excerpt":{"rendered":"Hled\u00e1me SPECIALISTY z&nbsp;r\u016fzn\u00fdch obor\u016f! D\u00edky na\u0161\u00ed spolupr\u00e1ci s&nbsp;\u0159adou firem m\u016f\u017eeme pomoci kvalitn\u00edm a&nbsp;seri\u00f3zn\u00edm odborn\u00edk\u016fm naj\u00edt novou pr\u00e1ci a&nbsp;uplatnit se v&nbsp;jejich specializaci! D\u016fvod\u016f, pro\u010d s&nbsp;n\u00e1mi spolupracovat, je hned n\u011bkolik: Jsme \u010desk\u00e1 licencovan\u00e1 person\u00e1ln\u00ed spole\u010dnost bez ukrajinsk\u00fdch zprost\u0159edkovatel\u016f. Mzda bude odpov\u00eddat va\u0161\u00ed kvalifikaci a&nbsp;znalostem. Zam\u011b\u0159ujeme se na zaj\u00edmavou finan\u010dn\u00ed motivaci zam\u011bstnanc\u016f. Hodnot\u00edme kandid\u00e1ty na z\u00e1klad\u011b jejich zku\u0161enost\u00ed,&#8230; <a class=\"view-article\" href=\"https:\/\/lidex.jobs\/cs\/slovensko\/pro-nase-pracovniky\/odborne-pozice\/\">View Article<\/a>","protected":false},"author":2,"featured_media":0,"parent":4152,"menu_order":129,"comment_status":"closed","ping_status":"closed","template":"","meta":{"_acf_changed":false,"inline_featured_image":false,"footnotes":""},"class_list":["post-4154","page","type-page","status-publish","hentry"],"acf":[],"_links":{"self":[{"href":"https:\/\/lidex.jobs\/cs\/wp-json\/wp\/v2\/pages\/4154","targetHints":{"allow":["GET"]}}],"collection":[{"href":"https:\/\/lidex.jobs\/cs\/wp-json\/wp\/v2\/pages"}],"about":[{"href":"https:\/\/lidex.jobs\/cs\/wp-json\/wp\/v2\/types\/page"}],"author":[{"embeddable":true,"href":"https:\/\/lidex.jobs\/cs\/wp-json\/wp\/v2\/users\/2"}],"replies":[{"embeddable":true,"href":"https:\/\/lidex.jobs\/cs\/wp-json\/wp\/v2\/comments?post=4154"}],"version-history":[{"count":3,"href":"https:\/\/lidex.jobs\/cs\/wp-json\/wp\/v2\/pages\/4154\/revisions"}],"predecessor-version":[{"id":5524,"href":"https:\/\/lidex.jobs\/cs\/wp-json\/wp\/v2\/pages\/4154\/revisions\/5524"}],"up":[{"embeddable":true,"href":"https:\/\/lidex.jobs\/cs\/wp-json\/wp\/v2\/pages\/4152"}],"wp:attachment":[{"href":"https:\/\/lidex.jobs\/cs\/wp-json\/wp\/v2\/media?parent=4154"}],"curies":[{"name":"wp","href":"https:\/\/api.w.org\/{rel}","templated":true}]}}