{"id":4143,"date":"2023-09-06T23:42:10","date_gmt":"2023-09-06T21:42:10","guid":{"rendered":"https:\/\/lidex.jobs\/?page_id=4143"},"modified":"2023-11-19T13:28:27","modified_gmt":"2023-11-19T12:28:27","slug":"prace-ve-vyrobe-tradicnich-smazenych-bramburku","status":"publish","type":"page","link":"https:\/\/lidex.jobs\/cs\/nemecko\/volna-mista\/prace-ve-vyrobe-tradicnich-smazenych-bramburku\/","title":{"rendered":"Pr\u00e1ce ve v\u00fdrob\u011b tradi\u010dn\u00edch sma\u017een\u00fdch bramb\u016frk\u016f"},"content":{"rendered":"<p><strong>Pozice:<br \/>\n<\/strong>pracovnice ve v\u00fdrob\u011b<\/p>\n<p><strong>Pracovn\u00ed vztah:<br \/>\n<\/strong>HPP<\/p>\n<p><strong>Popis pr\u00e1ce:<br \/>\n<\/strong>ve\u0161ker\u00e9 \u010dinnosti souvisej\u00edc\u00ed s\u00a0v\u00fdrobou sma\u017een\u00fdch bramb\u016frk\u016f \u2013\u2060 \u010di\u0161t\u011bn\u00ed, t\u0159\u00edd\u011bn\u00ed, myt\u00ed a\u00a0sma\u017een\u00ed brambor, kompletace a\u00a0balen\u00ed hotov\u00fdch v\u00fdrobk\u016f \u2013 \u010dist\u00e9 a\u00a0p\u0159\u00edjemn\u00e9 pracovn\u00ed prost\u0159ed\u00ed<\/p>\n<p><strong>Pracovn\u00ed doba:<br \/>\n<\/strong>8 h\/den, 5\u00a0dn\u00ed v\u00a0t\u00fddnu<\/p>\n<p><b>Sm\u011bnnost:<\/b><br \/>\nrann\u00ed sm\u011bna 06:00-14:00 a&nbsp;odpoledn\u00ed sm\u011bna 14:00 &#8211; 22:00<\/p>\n","protected":false},"excerpt":{"rendered":"Pozice: pracovnice ve v\u00fdrob\u011b Pracovn\u00ed vztah: HPP Popis pr\u00e1ce: ve\u0161ker\u00e9 \u010dinnosti souvisej\u00edc\u00ed s\u00a0v\u00fdrobou sma\u017een\u00fdch bramb\u016frk\u016f \u2013\u2060 \u010di\u0161t\u011bn\u00ed, t\u0159\u00edd\u011bn\u00ed, myt\u00ed a\u00a0sma\u017een\u00ed brambor, kompletace a\u00a0balen\u00ed hotov\u00fdch v\u00fdrobk\u016f \u2013 \u010dist\u00e9 a\u00a0p\u0159\u00edjemn\u00e9 pracovn\u00ed prost\u0159ed\u00ed Pracovn\u00ed doba: 8 h\/den, 5\u00a0dn\u00ed v\u00a0t\u00fddnu Sm\u011bnnost: rann\u00ed sm\u011bna 06:00-14:00 a&nbsp;odpoledn\u00ed sm\u011bna 14:00 &#8211; 22:00","protected":false},"author":2,"featured_media":0,"parent":4141,"menu_order":214,"comment_status":"closed","ping_status":"closed","template":"page-volna-mista-detail.php","meta":{"_acf_changed":false,"inline_featured_image":false,"footnotes":""},"class_list":["post-4143","page","type-page","status-publish","hentry"],"acf":[],"_links":{"self":[{"href":"https:\/\/lidex.jobs\/cs\/wp-json\/wp\/v2\/pages\/4143","targetHints":{"allow":["GET"]}}],"collection":[{"href":"https:\/\/lidex.jobs\/cs\/wp-json\/wp\/v2\/pages"}],"about":[{"href":"https:\/\/lidex.jobs\/cs\/wp-json\/wp\/v2\/types\/page"}],"author":[{"embeddable":true,"href":"https:\/\/lidex.jobs\/cs\/wp-json\/wp\/v2\/users\/2"}],"replies":[{"embeddable":true,"href":"https:\/\/lidex.jobs\/cs\/wp-json\/wp\/v2\/comments?post=4143"}],"version-history":[{"count":2,"href":"https:\/\/lidex.jobs\/cs\/wp-json\/wp\/v2\/pages\/4143\/revisions"}],"predecessor-version":[{"id":5518,"href":"https:\/\/lidex.jobs\/cs\/wp-json\/wp\/v2\/pages\/4143\/revisions\/5518"}],"up":[{"embeddable":true,"href":"https:\/\/lidex.jobs\/cs\/wp-json\/wp\/v2\/pages\/4141"}],"wp:attachment":[{"href":"https:\/\/lidex.jobs\/cs\/wp-json\/wp\/v2\/media?parent=4143"}],"curies":[{"name":"wp","href":"https:\/\/api.w.org\/{rel}","templated":true}]}}