{"id":4125,"date":"2023-09-06T23:37:58","date_gmt":"2023-09-06T21:37:58","guid":{"rendered":"https:\/\/lidex.jobs\/?page_id=4125"},"modified":"2023-11-19T10:24:38","modified_gmt":"2023-11-19T09:24:38","slug":"caste-otazky","status":"publish","type":"page","link":"https:\/\/lidex.jobs\/cs\/nemecko\/caste-otazky\/","title":{"rendered":"\u010cast\u00e9 ot\u00e1zky"},"content":{"rendered":"","protected":false},"excerpt":{"rendered":"","protected":false},"author":2,"featured_media":0,"parent":4119,"menu_order":97,"comment_status":"closed","ping_status":"closed","template":"page-flexi-sablona.php","meta":{"_acf_changed":false,"inline_featured_image":false,"footnotes":""},"class_list":["post-4125","page","type-page","status-publish","hentry"],"acf":[],"_links":{"self":[{"href":"https:\/\/lidex.jobs\/cs\/wp-json\/wp\/v2\/pages\/4125","targetHints":{"allow":["GET"]}}],"collection":[{"href":"https:\/\/lidex.jobs\/cs\/wp-json\/wp\/v2\/pages"}],"about":[{"href":"https:\/\/lidex.jobs\/cs\/wp-json\/wp\/v2\/types\/page"}],"author":[{"embeddable":true,"href":"https:\/\/lidex.jobs\/cs\/wp-json\/wp\/v2\/users\/2"}],"replies":[{"embeddable":true,"href":"https:\/\/lidex.jobs\/cs\/wp-json\/wp\/v2\/comments?post=4125"}],"version-history":[{"count":1,"href":"https:\/\/lidex.jobs\/cs\/wp-json\/wp\/v2\/pages\/4125\/revisions"}],"predecessor-version":[{"id":5511,"href":"https:\/\/lidex.jobs\/cs\/wp-json\/wp\/v2\/pages\/4125\/revisions\/5511"}],"up":[{"embeddable":true,"href":"https:\/\/lidex.jobs\/cs\/wp-json\/wp\/v2\/pages\/4119"}],"wp:attachment":[{"href":"https:\/\/lidex.jobs\/cs\/wp-json\/wp\/v2\/media?parent=4125"}],"curies":[{"name":"wp","href":"https:\/\/api.w.org\/{rel}","templated":true}]}}