{"id":4101,"date":"2023-09-06T20:11:27","date_gmt":"2023-09-06T18:11:27","guid":{"rendered":"https:\/\/lidex.jobs\/?page_id=4101"},"modified":"2023-09-23T11:11:35","modified_gmt":"2023-09-23T09:11:35","slug":"pracujte-na-sve-urovni-bezplatna-registrace","status":"publish","type":"page","link":"https:\/\/lidex.jobs\/cs\/cesko\/pro-nase-pracovniky\/pracujte-na-sve-urovni\/pracujte-na-sve-urovni-bezplatna-registrace\/","title":{"rendered":"Pracujte na sv\u00e9 \u00farovni"},"content":{"rendered":"<p><iframe loading=\"lazy\" src=\"https:\/\/docs.google.com\/forms\/d\/e\/1FAIpQLSe_qPZKKtKdm64BKd9oyCDtpoYVO2_L6TkWnFay_3fStLPMJA\/viewform?embedded=true\" width=\"100%\" height=\"2000\" frameborder=\"0\" marginheight=\"0\" marginwidth=\"0\">Na\u010d\u00edt\u00e1n\u00ed\u2026<\/iframe><\/p>\n","protected":false},"excerpt":{"rendered":"Na\u010d\u00edt\u00e1n\u00ed\u2026","protected":false},"author":2,"featured_media":0,"parent":3951,"menu_order":148,"comment_status":"closed","ping_status":"closed","template":"","meta":{"_acf_changed":false,"inline_featured_image":false,"footnotes":""},"class_list":["post-4101","page","type-page","status-publish","hentry"],"acf":[],"_links":{"self":[{"href":"https:\/\/lidex.jobs\/cs\/wp-json\/wp\/v2\/pages\/4101","targetHints":{"allow":["GET"]}}],"collection":[{"href":"https:\/\/lidex.jobs\/cs\/wp-json\/wp\/v2\/pages"}],"about":[{"href":"https:\/\/lidex.jobs\/cs\/wp-json\/wp\/v2\/types\/page"}],"author":[{"embeddable":true,"href":"https:\/\/lidex.jobs\/cs\/wp-json\/wp\/v2\/users\/2"}],"replies":[{"embeddable":true,"href":"https:\/\/lidex.jobs\/cs\/wp-json\/wp\/v2\/comments?post=4101"}],"version-history":[{"count":0,"href":"https:\/\/lidex.jobs\/cs\/wp-json\/wp\/v2\/pages\/4101\/revisions"}],"up":[{"embeddable":true,"href":"https:\/\/lidex.jobs\/cs\/wp-json\/wp\/v2\/pages\/3951"}],"wp:attachment":[{"href":"https:\/\/lidex.jobs\/cs\/wp-json\/wp\/v2\/media?parent=4101"}],"curies":[{"name":"wp","href":"https:\/\/api.w.org\/{rel}","templated":true}]}}