{"id":3964,"date":"2023-08-12T00:49:59","date_gmt":"2023-08-11T22:49:59","guid":{"rendered":"https:\/\/lidex.jobs\/?page_id=3964"},"modified":"2023-11-19T14:06:03","modified_gmt":"2023-11-19T13:06:03","slug":"smluvni-podminky-a-pravidla","status":"publish","type":"page","link":"https:\/\/lidex.jobs\/cs\/smluvni-podminky-a-pravidla\/","title":{"rendered":"Smluvn\u00ed podm\u00ednky a&nbsp;pravidla"},"content":{"rendered":"<p>Jedn\u00e1me na rovinu a&nbsp;\u0159\u00edd\u00edme se pravidly. D\u011bl\u00e1me maximum pro to, aby se v\u00e1m spolupr\u00e1ce n\u00e1mi dlouhodob\u011b vyplatila a&nbsp;podporujeme v\u00e1s po celou dobu va\u0161eho pracovn\u00edho pobytu. Na opl\u00e1tku vy\u017eadujeme dodr\u017eov\u00e1n\u00ed pravidel a&nbsp;smluvn\u00edch podm\u00ednek. V\u0161e si m\u016f\u017eete v&nbsp;klidu p\u0159edem prostudovat.<\/p>\n<p><a href=\"\/\">Uk\u00e1zka vzorov\u00e9 smlouvy<\/a><b>\u00a0 \u00a0 \u00a0 \u00a0 \u00a0<\/b><\/p>\n<h2><strong>Vy\u017eadujeme dodr\u017eov\u00e1n\u00ed n\u00e1sleduj\u00edc\u00edch pravidel<\/strong><\/h2>\n<p>Seznam z\u00e1kladn\u00edch smluvn\u00edch podm\u00ednek:<\/p>\n<ul>\n<li aria-level=\"1\">Agentura je povinna informovat sv\u00e9 zam\u011bstnance o&nbsp;pr\u00e1ci a&nbsp;pracovn\u00edch podm\u00ednk\u00e1ch.<\/li>\n<li aria-level=\"1\">Agentura poskytuje na vlastn\u00ed n\u00e1klady ubytov\u00e1n\u00ed do v\u00fd\u0161e 5000 K\u010d\/m\u011bs\u00edc.<\/li>\n<li aria-level=\"1\">Pokud si pracovn\u00edk zajist\u00ed vlastn\u00ed ubytov\u00e1n\u00ed, agentura mu poskytne p\u0159\u00edsp\u011bvek.<\/li>\n<li aria-level=\"1\">Agentura\u00a0poskytuje pracovn\u00edkovi ka\u017ed\u00fd t\u00fdden z\u00e1lohu v&nbsp;minim\u00e1ln\u00ed v\u00fd\u0161i\u00a01000&nbsp;K\u010d.<\/li>\n<li aria-level=\"1\">Ka\u017ed\u00e9mu pracovn\u00edkovi je p\u0159id\u011blen koordin\u00e1tor.<\/li>\n<li aria-level=\"1\">Agentura zaji\u0161\u0165uje a&nbsp;hrad\u00ed dopravu z&nbsp;m\u00edsta bydli\u0161t\u011b do pr\u00e1ce.<\/li>\n<li aria-level=\"1\">Agentura zaji\u0161\u0165uje a&nbsp;hrad\u00ed pracovn\u00edk\u016fm v\u00edza.<\/li>\n<li aria-level=\"1\">Agentura vypl\u00e1c\u00ed smluvenou mzdu v\u017edy n\u00e1sleduj\u00edc\u00ed m\u011bs\u00edc.<\/li>\n<li aria-level=\"1\">V p\u0159\u00edpad\u011b ukon\u010den\u00ed pr\u00e1ce na konkr\u00e9tn\u00ed zak\u00e1zce, nab\u00eddne agentura pracovn\u00edkovi jinou pr\u00e1ci podobn\u00e9ho typu.<\/li>\n<li aria-level=\"1\">Agentura ru\u010d\u00ed za&nbsp;to, \u017ee je pracovn\u00edk \u0159\u00e1dn\u011b p\u0159ihl\u00e1\u0161en k&nbsp;soci\u00e1ln\u00edmu a&nbsp;zdravotn\u00edmu poji\u0161t\u011bn\u00ed a&nbsp;jeho v\u00edzum je v&nbsp;souladu se z\u00e1kony.<\/li>\n<li aria-level=\"1\">Pracovn\u00edk je povinen doch\u00e1zet do pr\u00e1ce v\u010das a&nbsp;\u0159\u00e1dn\u011b plnit v\u0161echny pracovn\u00ed po\u017eadavky.<\/li>\n<li aria-level=\"1\">Pracovn\u00edk mus\u00ed dodr\u017eovat hygienick\u00e1 a&nbsp;bezpe\u010dnostn\u00ed pravidla v\u010d. COVID opat\u0159en\u00ed.<\/li>\n<li aria-level=\"1\">Pokud bude m\u00edt zam\u011bstnanec p\u0159i pr\u00e1ci pozitivn\u00ed test na alkohol nebo drogy, bude mu ulo\u017eena pokuta 5000&nbsp;K\u010d. P\u0159i opakovan\u00e9m poru\u0161en\u00ed bude pracovn\u00ed pom\u011br ukon\u010den.<\/li>\n<li aria-level=\"1\">Pracovn\u00edk je povinen p\u0159edem informovat sv\u00e9ho koordin\u00e1tora o&nbsp;sv\u00e9 nep\u0159\u00edtomnosti v&nbsp;pr\u00e1ci.<\/li>\n<li aria-level=\"1\">Pokud bude m\u00edt zam\u011bstnanec neomluvenou absenci, bude s&nbsp;n\u00edm pracovn\u00ed pom\u011br ukon\u010den.<\/li>\n<li aria-level=\"1\">Pokud pracovn\u00edk nen\u00ed spokojen s&nbsp;prac\u00ed nebo s&nbsp;ubytov\u00e1n\u00edm, informuje o&nbsp;tom sv\u00e9ho koordin\u00e1tora, kter\u00fd mu nab\u00eddne mo\u017enosti \u0159e\u0161en\u00ed.<\/li>\n<li aria-level=\"1\">Pokud zam\u011bstnanec odejde pracovat k&nbsp;jin\u00e9mu zam\u011bstnavateli, bude mu zru\u0161eno v\u00edzum a&nbsp;bude nahl\u00e1\u0161en na p\u0159\u00edslu\u0161n\u00e9m \u00fa\u0159ad\u011b. Nav\u00edc mu bude ulo\u017eena pokuta za&nbsp;poru\u0161en\u00ed smlouvy a&nbsp;budou mu ode\u010dteny n\u00e1klady na za\u0159\u00edzen\u00ed v\u00edza, l\u00e9ka\u0159skou prohl\u00eddku, pracovn\u00ed od\u011bv apod.<\/li>\n<li aria-level=\"1\">Pracovn\u00edk je finan\u010dn\u011b odpov\u011bdn\u00fd za&nbsp;\u00famysln\u00e9 \u0161kody zp\u016fsoben\u00e9 agentu\u0159e, a\u0165 u\u017e na pracovi\u0161ti, v&nbsp;m\u00edst\u011b bydli\u0161t\u011b nebo v&nbsp;dopravn\u00edm prost\u0159edku.<\/li>\n<li aria-level=\"1\">Pracovn\u00edk je povinen dodr\u017eovat z\u00e1sady slu\u0161n\u00e9ho chov\u00e1n\u00ed a&nbsp;pracovn\u00ed etiky. V&nbsp;p\u0159\u00edpad\u011b jejich poru\u0161en\u00ed bude pracovn\u00edkovi ulo\u017eena pokuta. V\u00fd\u0161e pokuty bude ur\u010dena dle z\u00e1va\u017enosti p\u0159estupku. V&nbsp;p\u0159\u00edpad\u011b hrub\u00e9ho poru\u0161en\u00ed t\u011bchto z\u00e1sad m\u016f\u017ee b\u00fdt se zam\u011bstnancem ukon\u010dena spolupr\u00e1ce.<\/li>\n<\/ul>\n","protected":false},"excerpt":{"rendered":"Jedn\u00e1me na rovinu a&nbsp;\u0159\u00edd\u00edme se pravidly. D\u011bl\u00e1me maximum pro to, aby se v\u00e1m spolupr\u00e1ce n\u00e1mi dlouhodob\u011b vyplatila a&nbsp;podporujeme v\u00e1s po celou dobu va\u0161eho pracovn\u00edho pobytu. Na opl\u00e1tku vy\u017eadujeme dodr\u017eov\u00e1n\u00ed pravidel a&nbsp;smluvn\u00edch podm\u00ednek. V\u0161e si m\u016f\u017eete v&nbsp;klidu p\u0159edem prostudovat. Uk\u00e1zka vzorov\u00e9 smlouvy\u00a0 \u00a0 \u00a0 \u00a0 \u00a0 Vy\u017eadujeme dodr\u017eov\u00e1n\u00ed n\u00e1sleduj\u00edc\u00edch pravidel Seznam z\u00e1kladn\u00edch smluvn\u00edch podm\u00ednek: Agentura je&#8230; <a class=\"view-article\" href=\"https:\/\/lidex.jobs\/cs\/smluvni-podminky-a-pravidla\/\">View Article<\/a>","protected":false},"author":2,"featured_media":0,"parent":0,"menu_order":432,"comment_status":"closed","ping_status":"closed","template":"","meta":{"_acf_changed":false,"inline_featured_image":false,"footnotes":""},"class_list":["post-3964","page","type-page","status-publish","hentry"],"acf":[],"_links":{"self":[{"href":"https:\/\/lidex.jobs\/cs\/wp-json\/wp\/v2\/pages\/3964","targetHints":{"allow":["GET"]}}],"collection":[{"href":"https:\/\/lidex.jobs\/cs\/wp-json\/wp\/v2\/pages"}],"about":[{"href":"https:\/\/lidex.jobs\/cs\/wp-json\/wp\/v2\/types\/page"}],"author":[{"embeddable":true,"href":"https:\/\/lidex.jobs\/cs\/wp-json\/wp\/v2\/users\/2"}],"replies":[{"embeddable":true,"href":"https:\/\/lidex.jobs\/cs\/wp-json\/wp\/v2\/comments?post=3964"}],"version-history":[{"count":2,"href":"https:\/\/lidex.jobs\/cs\/wp-json\/wp\/v2\/pages\/3964\/revisions"}],"predecessor-version":[{"id":5527,"href":"https:\/\/lidex.jobs\/cs\/wp-json\/wp\/v2\/pages\/3964\/revisions\/5527"}],"wp:attachment":[{"href":"https:\/\/lidex.jobs\/cs\/wp-json\/wp\/v2\/media?parent=3964"}],"curies":[{"name":"wp","href":"https:\/\/api.w.org\/{rel}","templated":true}]}}