{"id":3954,"date":"2023-08-11T23:58:44","date_gmt":"2023-08-11T21:58:44","guid":{"rendered":"https:\/\/lidex.jobs\/?page_id=3954"},"modified":"2023-08-11T23:58:44","modified_gmt":"2023-08-11T21:58:44","slug":"dotaznik","status":"publish","type":"page","link":"https:\/\/lidex.jobs\/cs\/cesko\/pro-nase-pracovniky\/pracujte-na-sve-urovni\/dotaznik\/","title":{"rendered":"Dotazn\u00edk"},"content":{"rendered":"<p>*zde by m\u011bl b\u00fdt nejsp\u00ed\u0161 n\u011bjak\u00fd dotazn\u00edk &#8211; nutno ov\u011b\u0159it a&nbsp;p\u0159\u00edpadn\u011b doplnit*<\/p>\n","protected":false},"excerpt":{"rendered":"*zde by m\u011bl b\u00fdt nejsp\u00ed\u0161 n\u011bjak\u00fd dotazn\u00edk &#8211; nutno ov\u011b\u0159it a&nbsp;p\u0159\u00edpadn\u011b doplnit*","protected":false},"author":2,"featured_media":0,"parent":3951,"menu_order":166,"comment_status":"closed","ping_status":"closed","template":"","meta":{"_acf_changed":false,"inline_featured_image":false,"footnotes":""},"class_list":["post-3954","page","type-page","status-publish","hentry"],"acf":[],"_links":{"self":[{"href":"https:\/\/lidex.jobs\/cs\/wp-json\/wp\/v2\/pages\/3954","targetHints":{"allow":["GET"]}}],"collection":[{"href":"https:\/\/lidex.jobs\/cs\/wp-json\/wp\/v2\/pages"}],"about":[{"href":"https:\/\/lidex.jobs\/cs\/wp-json\/wp\/v2\/types\/page"}],"author":[{"embeddable":true,"href":"https:\/\/lidex.jobs\/cs\/wp-json\/wp\/v2\/users\/2"}],"replies":[{"embeddable":true,"href":"https:\/\/lidex.jobs\/cs\/wp-json\/wp\/v2\/comments?post=3954"}],"version-history":[{"count":0,"href":"https:\/\/lidex.jobs\/cs\/wp-json\/wp\/v2\/pages\/3954\/revisions"}],"up":[{"embeddable":true,"href":"https:\/\/lidex.jobs\/cs\/wp-json\/wp\/v2\/pages\/3951"}],"wp:attachment":[{"href":"https:\/\/lidex.jobs\/cs\/wp-json\/wp\/v2\/media?parent=3954"}],"curies":[{"name":"wp","href":"https:\/\/api.w.org\/{rel}","templated":true}]}}