{"id":3946,"date":"2023-08-11T23:40:19","date_gmt":"2023-08-11T21:40:19","guid":{"rendered":"https:\/\/lidex.jobs\/?page_id=3946"},"modified":"2023-09-23T11:31:19","modified_gmt":"2023-09-23T09:31:19","slug":"kniha-stiznosti","status":"publish","type":"page","link":"https:\/\/lidex.jobs\/cs\/cesko\/pro-nase-pracovniky\/kniha-stiznosti\/","title":{"rendered":"Kniha st\u00ed\u017enost\u00ed"},"content":{"rendered":"<p><iframe loading=\"lazy\" src=\"https:\/\/docs.google.com\/forms\/d\/e\/1FAIpQLSePQbvAibzxK4eCx3JC9Go4R-m6XQMTYK4OVzVY3g8enm-wjA\/viewform?embedded=true\" width=\"100%\" height=\"1200\" frameborder=\"0\" marginheight=\"0\" marginwidth=\"0\">Na\u010d\u00edt\u00e1n\u00ed\u2026<\/iframe><\/p>\n","protected":false},"excerpt":{"rendered":"Na\u010d\u00edt\u00e1n\u00ed\u2026","protected":false},"author":2,"featured_media":0,"parent":3573,"menu_order":179,"comment_status":"closed","ping_status":"closed","template":"","meta":{"_acf_changed":false,"inline_featured_image":false,"footnotes":""},"class_list":["post-3946","page","type-page","status-publish","hentry"],"acf":[],"_links":{"self":[{"href":"https:\/\/lidex.jobs\/cs\/wp-json\/wp\/v2\/pages\/3946","targetHints":{"allow":["GET"]}}],"collection":[{"href":"https:\/\/lidex.jobs\/cs\/wp-json\/wp\/v2\/pages"}],"about":[{"href":"https:\/\/lidex.jobs\/cs\/wp-json\/wp\/v2\/types\/page"}],"author":[{"embeddable":true,"href":"https:\/\/lidex.jobs\/cs\/wp-json\/wp\/v2\/users\/2"}],"replies":[{"embeddable":true,"href":"https:\/\/lidex.jobs\/cs\/wp-json\/wp\/v2\/comments?post=3946"}],"version-history":[{"count":0,"href":"https:\/\/lidex.jobs\/cs\/wp-json\/wp\/v2\/pages\/3946\/revisions"}],"up":[{"embeddable":true,"href":"https:\/\/lidex.jobs\/cs\/wp-json\/wp\/v2\/pages\/3573"}],"wp:attachment":[{"href":"https:\/\/lidex.jobs\/cs\/wp-json\/wp\/v2\/media?parent=3946"}],"curies":[{"name":"wp","href":"https:\/\/api.w.org\/{rel}","templated":true}]}}