{"id":3568,"date":"2023-08-05T11:10:13","date_gmt":"2023-08-05T09:10:13","guid":{"rendered":"https:\/\/lidex.jobs\/?page_id=3568"},"modified":"2026-01-28T13:37:24","modified_gmt":"2026-01-28T12:37:24","slug":"caste-otazky","status":"publish","type":"page","link":"https:\/\/lidex.jobs\/cs\/cesko\/caste-otazky\/","title":{"rendered":"\u010cast\u00e9 ot\u00e1zky"},"content":{"rendered":"","protected":false},"excerpt":{"rendered":"","protected":false},"author":2,"featured_media":0,"parent":3571,"menu_order":104,"comment_status":"closed","ping_status":"closed","template":"page-flexi-sablona.php","meta":{"_acf_changed":false,"inline_featured_image":false,"footnotes":""},"class_list":["post-3568","page","type-page","status-publish","hentry"],"acf":[],"_links":{"self":[{"href":"https:\/\/lidex.jobs\/cs\/wp-json\/wp\/v2\/pages\/3568","targetHints":{"allow":["GET"]}}],"collection":[{"href":"https:\/\/lidex.jobs\/cs\/wp-json\/wp\/v2\/pages"}],"about":[{"href":"https:\/\/lidex.jobs\/cs\/wp-json\/wp\/v2\/types\/page"}],"author":[{"embeddable":true,"href":"https:\/\/lidex.jobs\/cs\/wp-json\/wp\/v2\/users\/2"}],"replies":[{"embeddable":true,"href":"https:\/\/lidex.jobs\/cs\/wp-json\/wp\/v2\/comments?post=3568"}],"version-history":[{"count":5,"href":"https:\/\/lidex.jobs\/cs\/wp-json\/wp\/v2\/pages\/3568\/revisions"}],"predecessor-version":[{"id":7468,"href":"https:\/\/lidex.jobs\/cs\/wp-json\/wp\/v2\/pages\/3568\/revisions\/7468"}],"up":[{"embeddable":true,"href":"https:\/\/lidex.jobs\/cs\/wp-json\/wp\/v2\/pages\/3571"}],"wp:attachment":[{"href":"https:\/\/lidex.jobs\/cs\/wp-json\/wp\/v2\/media?parent=3568"}],"curies":[{"name":"wp","href":"https:\/\/api.w.org\/{rel}","templated":true}]}}